{"id":270,"date":"2023-12-10T21:16:23","date_gmt":"2023-12-10T21:16:23","guid":{"rendered":"https:\/\/informaticacreativa.com.mx\/index.php\/home\/"},"modified":"2024-01-06T20:35:56","modified_gmt":"2024-01-06T20:35:56","slug":"home","status":"publish","type":"page","link":"https:\/\/informaticacreativa.com.mx\/","title":{"rendered":"HOME"},"content":{"rendered":"\n<div class=\"wp-block-media-text alignwide is-stacked-on-mobile is-vertically-aligned-center has-background gutenify-section-606dc080-9921-11ee-a33b-f9e14c670a3f gtfy-5\" style=\"background-color:#f1f5c7\"><figure class=\"wp-block-media-text__media\"><img loading=\"lazy\" decoding=\"async\" width=\"340\" height=\"417\" src=\"https:\/\/informaticacreativa.com.mx\/wp-content\/uploads\/2023\/12\/babbage_1.jpg\" alt=\"\" class=\"wp-image-415 size-full\" srcset=\"https:\/\/informaticacreativa.com.mx\/wp-content\/uploads\/2023\/12\/babbage_1.jpg 340w, https:\/\/informaticacreativa.com.mx\/wp-content\/uploads\/2023\/12\/babbage_1-245x300.jpg 245w\" sizes=\"auto, (max-width: 340px) 100vw, 340px\" \/><\/figure><div class=\"wp-block-media-text__content\">\n<div class=\"wp-block-group gutenify-section-60692ca0-9921-11ee-a33b-f9e14c670a3f is-layout-flow wp-block-group-is-layout-flow gtfy-4\" style=\"padding-top:2em;padding-right:2em;padding-bottom:2em;padding-left:2em\">\n<p class=\"gutenify-section-605d45c0-9921-11ee-a33b-f9e14c670a3f gtfy-1\" style=\"font-size:36px;line-height:1.2\"><strong>Charles Babbage<\/strong><\/p>\n\n\n\n<p class=\"gutenify-section-88496e80-99dd-11ee-8c2f-05dc4b2d422b gtfy-2\">(Teignmouth, 1792 &#8211; Londres, 1871) Matem\u00e1tico e ingeniero brit\u00e1nico, inventor de las m\u00e1quinas calculadoras programables. A comienzos del siglo XIX, bien avanzada\u00a0<a href=\"https:\/\/www.biografiasyvidas.com\/historia\/revolucion_industrial.htm\">la Revoluci\u00f3n Industrial<\/a>, los errores en los datos matem\u00e1ticos ten\u00edan graves consecuencias: por ejemplo, una tabla de navegaci\u00f3n defectuosa era una causa frecuente de los naufragios. Charles Babbage crey\u00f3 que una m\u00e1quina pod\u00eda hacer c\u00e1lculos matem\u00e1ticos m\u00e1s r\u00e1pidos y m\u00e1s precisos que las personas.<\/p>\n\n\n\n<p class=\"gutenify-section-884f13d0-99dd-11ee-8c2f-05dc4b2d422b gtfy-3\">En 1822 produjo un modelo funcional peque\u00f1o de su\u00a0<em>Difference engine<\/em>\u00a0(m\u00e1quina diferencial). El funcionamiento aritm\u00e9tico de la m\u00e1quina era limitado, pero pod\u00eda recopilar e imprimir tablas matem\u00e1ticas sin mayor intervenci\u00f3n humana que la necesaria para girar las manivelas en la parte superior del prototipo.<\/p>\n<\/div>\n<\/div><\/div>\n\n\n\n<div class=\"wp-block-media-text alignwide has-media-on-the-right is-stacked-on-mobile is-vertically-aligned-center has-background gutenify-section-1c2b0d80-9924-11ee-8410-75129b5c8920 gtfy-11\" style=\"background-color:#f1f5c7\"><div class=\"wp-block-media-text__content\">\n<div class=\"wp-block-group gutenify-section-1c26c7c0-9924-11ee-8410-75129b5c8920 is-layout-flow wp-block-group-is-layout-flow gtfy-10\" style=\"padding-top:2em;padding-right:2em;padding-bottom:2em;padding-left:2em\">\n<p class=\"has-text-align-center gutenify-section-1c228200-9924-11ee-8410-75129b5c8920 gtfy-8\" style=\"font-size:36px;line-height:1.2\"><strong>Alan Turing, el padre de la inteligencia artificial<\/strong><\/p>\n\n\n\n<p class=\"has-extra-small-font-size gutenify-section-1c24a4e0-9924-11ee-8410-75129b5c8920 gtfy-9\">El mundo est\u00e1 en deuda con Alan Turing, el genial matem\u00e1tico ingl\u00e9s que descifr\u00f3 los c\u00f3digos que los nazis enviaban con su m\u00e1quina Enigma. Aunque gracias a su descubrimiento se salvaron millones de vidas, Turing tuvo que hacer frente a la intransigencia de su \u00e9poca, que lo convirti\u00f3 en un paria y acab\u00f3 con su vida. La reparaci\u00f3n p\u00f3stuma de su dignidad y su reconocimiento como cient\u00edfico llegar\u00edan demasiado tarde para \u00e9l.<\/p>\n<\/div>\n<\/div><figure class=\"wp-block-media-text__media\"><img loading=\"lazy\" decoding=\"async\" width=\"1024\" height=\"597\" src=\"https:\/\/informaticacreativa.com.mx\/wp-content\/uploads\/2023\/12\/Alan-Turing-cp-1024x597.jpg\" alt=\"\" class=\"wp-image-416 size-full\" srcset=\"https:\/\/informaticacreativa.com.mx\/wp-content\/uploads\/2023\/12\/Alan-Turing-cp-1024x597.jpg 1024w, https:\/\/informaticacreativa.com.mx\/wp-content\/uploads\/2023\/12\/Alan-Turing-cp-300x175.jpg 300w, https:\/\/informaticacreativa.com.mx\/wp-content\/uploads\/2023\/12\/Alan-Turing-cp-768x448.jpg 768w, https:\/\/informaticacreativa.com.mx\/wp-content\/uploads\/2023\/12\/Alan-Turing-cp.jpg 1200w\" sizes=\"auto, (max-width: 1024px) 100vw, 1024px\" \/><\/figure><\/div>\n\n\n\n<div id=\"wp-block-themeisle-blocks-advanced-columns-d87d87fb\" class=\"wp-block-themeisle-blocks-advanced-columns alignfull has-1-columns has-desktop-equal-layout has-tablet-equal-layout has-mobile-collapsedRows-layout has-vertical-center ticss-c00aadba gutenify-section-2da053c0-991c-11ee-8d62-c53a9e2d4c79 gtfy-39\"><div class=\"wp-block-themeisle-blocks-advanced-columns-overlay\"><\/div><div class=\"innerblocks-wrap\">\n<div id=\"wp-block-themeisle-blocks-advanced-column-60dad16e\" class=\"wp-block-themeisle-blocks-advanced-column gutenify-section-2d9e7f00-991c-11ee-8d62-c53a9e2d4c79 gtfy-38\">\n<div id=\"wp-block-themeisle-blocks-advanced-columns-d2e20cf0\" class=\"wp-block-themeisle-blocks-advanced-columns has-1-columns has-desktop-equal-layout has-tablet-equal-layout has-mobile-equal-layout has-vertical-center gutenify-section-2d62d590-991c-11ee-8d62-c53a9e2d4c79 gtfy-17\"><div class=\"wp-block-themeisle-blocks-advanced-columns-overlay\"><\/div><div class=\"innerblocks-wrap\">\n<div id=\"wp-block-themeisle-blocks-advanced-column-05d18d48\" class=\"wp-block-themeisle-blocks-advanced-column gutenify-section-2d60b2b0-991c-11ee-8d62-c53a9e2d4c79 gtfy-16\">\n<h2 id=\"wp-block-themeisle-blocks-advanced-heading-a0f1691e\" class=\"wp-block-themeisle-blocks-advanced-heading wp-block-themeisle-blocks-advanced-heading-a0f1691e gutenify-section-2d5d5750-991c-11ee-8d62-c53a9e2d4c79 gtfy-14\">Tecnolog\u00edas<\/h2>\n\n\n\n<p class=\"gutenify-section-2d5e68c0-991c-11ee-8d62-c53a9e2d4c79 gtfy-15\"><\/p>\n<\/div>\n<\/div><\/div>\n\n\n\n<div id=\"wp-block-themeisle-blocks-advanced-columns-be71e345\" class=\"wp-block-themeisle-blocks-advanced-columns has-3-columns has-desktop-equal-layout has-tablet-twoColumnGrid-layout has-mobile-collapsedRows-layout has-vertical-top gutenify-section-2d9c0e00-991c-11ee-8d62-c53a9e2d4c79 gtfy-37\"><div class=\"wp-block-themeisle-blocks-advanced-columns-overlay\"><\/div><div class=\"innerblocks-wrap\">\n<div id=\"wp-block-themeisle-blocks-advanced-column-e373838a\" class=\"wp-block-themeisle-blocks-advanced-column gutenify-section-2d704310-991c-11ee-8d62-c53a9e2d4c79 gtfy-23\">\n<figure class=\"wp-block-image aligncenter size-full is-resized is-style-rounded gutenify-section-2d640e10-991c-11ee-8d62-c53a9e2d4c79 gtfy-18\"><img loading=\"lazy\" decoding=\"async\" width=\"900\" height=\"900\" src=\"https:\/\/informaticacreativa.com.mx\/wp-content\/uploads\/2023\/12\/scratch-coding.jpg\" alt=\"\" class=\"wp-image-377\" style=\"width:180px;height:181px\" srcset=\"https:\/\/informaticacreativa.com.mx\/wp-content\/uploads\/2023\/12\/scratch-coding.jpg 900w, https:\/\/informaticacreativa.com.mx\/wp-content\/uploads\/2023\/12\/scratch-coding-300x300.jpg 300w, https:\/\/informaticacreativa.com.mx\/wp-content\/uploads\/2023\/12\/scratch-coding-150x150.jpg 150w, https:\/\/informaticacreativa.com.mx\/wp-content\/uploads\/2023\/12\/scratch-coding-768x768.jpg 768w\" sizes=\"auto, (max-width: 900px) 100vw, 900px\" \/><\/figure>\n\n\n\n<p class=\"gutenify-section-310d98a0-991d-11ee-8d62-c53a9e2d4c79 gtfy-19\"><\/p>\n\n\n\n<h3 id=\"wp-block-themeisle-blocks-advanced-heading-a0f377e3\" class=\"wp-block-themeisle-blocks-advanced-heading wp-block-themeisle-blocks-advanced-heading-a0f377e3 gutenify-section-2d66a620-991c-11ee-8d62-c53a9e2d4c79 gtfy-20\"><strong>Scratch<\/strong><\/h3>\n\n\n\n<p class=\"gutenify-section-2bb53020-991d-11ee-8d62-c53a9e2d4c79 gtfy-21\"><\/p>\n\n\n\n<p class=\"has-text-align-center gutenify-section-2d6a0180-991c-11ee-8d62-c53a9e2d4c79 gtfy-22\">Scratch es un lenguaje de programaci\u00f3n creado por el MIT y especialmente dise\u00f1ado para que todo el mundo pueda iniciarse en el mundo de la programaci\u00f3n. Sirve para crear historias interactivas, juegos y animaciones; adem\u00e1s de facilitar la difusi\u00f3n de las creaciones finales con otras personas v\u00eda Web.<\/p>\n<\/div>\n\n\n\n<div id=\"wp-block-themeisle-blocks-advanced-column-956fcf84\" class=\"wp-block-themeisle-blocks-advanced-column gutenify-section-2d7dd7a0-991c-11ee-8d62-c53a9e2d4c79 gtfy-29\">\n<figure class=\"wp-block-image aligncenter size-full is-resized is-style-rounded gutenify-section-2d71a2a0-991c-11ee-8d62-c53a9e2d4c79 gtfy-24\"><img loading=\"lazy\" decoding=\"async\" width=\"1280\" height=\"720\" src=\"https:\/\/informaticacreativa.com.mx\/wp-content\/uploads\/2023\/12\/2381107d63a7f91f88e2bdfe7ccab38f.png\" alt=\"\" class=\"wp-image-378\" style=\"width:180px;height:181px\" srcset=\"https:\/\/informaticacreativa.com.mx\/wp-content\/uploads\/2023\/12\/2381107d63a7f91f88e2bdfe7ccab38f.png 1280w, https:\/\/informaticacreativa.com.mx\/wp-content\/uploads\/2023\/12\/2381107d63a7f91f88e2bdfe7ccab38f-300x169.png 300w, https:\/\/informaticacreativa.com.mx\/wp-content\/uploads\/2023\/12\/2381107d63a7f91f88e2bdfe7ccab38f-1024x576.png 1024w, https:\/\/informaticacreativa.com.mx\/wp-content\/uploads\/2023\/12\/2381107d63a7f91f88e2bdfe7ccab38f-768x432.png 768w\" sizes=\"auto, (max-width: 1280px) 100vw, 1280px\" \/><\/figure>\n\n\n\n<p class=\"gutenify-section-3349f410-991d-11ee-8d62-c53a9e2d4c79 gtfy-25\"><\/p>\n\n\n\n<h3 id=\"wp-block-themeisle-blocks-advanced-heading-16fc6df3\" class=\"wp-block-themeisle-blocks-advanced-heading wp-block-themeisle-blocks-advanced-heading-16fc6df3 gutenify-section-2d7413a0-991c-11ee-8d62-c53a9e2d4c79 gtfy-26\"><strong>Inform\u00e1tica<\/strong><\/h3>\n\n\n\n<p class=\"has-text-align-center gutenify-section-8dbdbc20-991c-11ee-8d62-c53a9e2d4c79 gtfy-27\">La inform\u00e1tica re\u00fane a muchas de las t\u00e9cnicas que el hombre ha desarrollado con el objetivo de potenciar sus capacidades de pensamiento, memoria y comunicaci\u00f3n. <\/p>\n\n\n\n<p class=\"has-text-align-center gutenify-section-8dc36170-991c-11ee-8d62-c53a9e2d4c79 gtfy-28\">La Inform\u00e1tica es la rama de la Ingenier\u00eda que estudia el hardware, las redes de datos y el software necesarios para tratar informaci\u00f3n de forma autom\u00e1tica.<\/p>\n<\/div>\n\n\n\n<div id=\"wp-block-themeisle-blocks-advanced-column-7e32a82b\" class=\"wp-block-themeisle-blocks-advanced-column gutenify-section-2d8b6c30-991c-11ee-8d62-c53a9e2d4c79 gtfy-36\">\n<figure class=\"wp-block-image aligncenter size-full is-resized is-style-rounded gutenify-section-2d7f1020-991c-11ee-8d62-c53a9e2d4c79 gtfy-30\"><img loading=\"lazy\" decoding=\"async\" width=\"828\" height=\"438\" src=\"https:\/\/informaticacreativa.com.mx\/wp-content\/uploads\/2023\/12\/Cualenguaje_programacion.jpg\" alt=\"\" class=\"wp-image-379\" style=\"width:180px;height:181px\" srcset=\"https:\/\/informaticacreativa.com.mx\/wp-content\/uploads\/2023\/12\/Cualenguaje_programacion.jpg 828w, https:\/\/informaticacreativa.com.mx\/wp-content\/uploads\/2023\/12\/Cualenguaje_programacion-300x159.jpg 300w, https:\/\/informaticacreativa.com.mx\/wp-content\/uploads\/2023\/12\/Cualenguaje_programacion-768x406.jpg 768w\" sizes=\"auto, (max-width: 828px) 100vw, 828px\" \/><\/figure>\n\n\n\n<p class=\"gutenify-section-351676b0-991d-11ee-8d62-c53a9e2d4c79 gtfy-31\"><\/p>\n\n\n\n<h3 id=\"wp-block-themeisle-blocks-advanced-heading-5cdd08a0\" class=\"wp-block-themeisle-blocks-advanced-heading wp-block-themeisle-blocks-advanced-heading-5cdd08a0 gutenify-section-2d815a10-991c-11ee-8d62-c53a9e2d4c79 gtfy-32\"><strong>Lenguaje de programaci\u00f3n<\/strong><\/h3>\n\n\n\n<p class=\"has-text-align-center gutenify-section-cc4d8330-991c-11ee-8d62-c53a9e2d4c79 gtfy-33\">Un lenguaje de programaci\u00f3n es una forma de comunicarnos con una computadora, tablet o celular e indicarle qu\u00e9 queremos hacer.<\/p>\n\n\n\n<p class=\"has-text-align-center gutenify-section-cc509070-991c-11ee-8d62-c53a9e2d4c79 gtfy-34\"><\/p>\n\n\n\n<p class=\"has-text-align-center gutenify-section-cc5683e0-991c-11ee-8d62-c53a9e2d4c79 gtfy-35\">Encontramos diferentes lenguajes como C, C++, Java, PHP, Python, C#, ASP, entre otros.<\/p>\n<\/div>\n<\/div><\/div>\n<\/div>\n<\/div><\/div>\n\n\n\n<div id=\"wp-block-themeisle-blocks-advanced-columns-07f9e39b\" class=\"wp-block-themeisle-blocks-advanced-columns alignfull has-0-columns has-desktop-equal-layout has-tablet-equal-layout has-mobile-collapsedRows-layout has-vertical-center ticss-c00aadba gutenify-section-54afec50-9921-11ee-a33b-f9e14c670a3f gtfy-42\"><div class=\"wp-block-themeisle-blocks-advanced-columns-overlay\"><\/div><div class=\"innerblocks-wrap\"><\/div><\/div>\n\n\n\n<div class=\"wp-block-group alignfull gutenify-section-bcd4f0b0-f3b7-11ed-a46e-0db4a6367ac3 has-global-padding is-layout-constrained wp-container-core-group-is-layout-89ae1b9e wp-block-group-is-layout-constrained gtfy-47\" style=\"padding-top:0px;padding-bottom:0px\">\n<div class=\"wp-block-cover alignfull has-parallax gutenify-section-bcd4a290-f3b7-11ed-a46e-0db4a6367ac3 gtfy-46\" style=\"min-height:200px;aspect-ratio:unset;\"><span aria-hidden=\"true\" class=\"wp-block-cover__background has-background-dim-90 has-background-dim\" style=\"background-color:#202aae\"><\/span><div class=\"wp-block-cover__image-background wp-image-1485 has-parallax\" style=\"background-position:50% 50%;background-image:url(https:\/\/demo.gutenify.com\/business\/wp-content\/uploads\/sites\/11\/2022\/03\/bg-1.jpeg)\"><\/div><div class=\"wp-block-cover__inner-container is-layout-flow wp-block-cover-is-layout-flow\">\n<p class=\"has-text-align-center has-large-font-size gutenify-section-9b993c00-9923-11ee-8410-75129b5c8920 gtfy-45\">\u00a9 Inform\u00e1tica Creativa, 2024.Todos los derechos reservados<\/p>\n<\/div><\/div>\n<\/div>\n","protected":false},"excerpt":{"rendered":"","protected":false},"author":1,"featured_media":0,"parent":0,"menu_order":0,"comment_status":"closed","ping_status":"closed","template":"templates\/template-homepage.php","meta":{"_gutenify_countdown_timer_type":"fixed","_gutenify_countdown_timer_evergreen_hours":24,"_gutenify_countdown_timer_evergreen_minutes":0,"_gutenify_countdown_timer_date":"","_gutenify_countdown_timer_timezone":"US\/Eastern","_gutenify_countdown_timer_end_action":"none","_gutenify_countdown_timer_hide_selector":"","_gutenify_countdown_timer_redirect_url":"","_monsterinsights_skip_tracking":false,"_monsterinsights_sitenote_active":false,"_monsterinsights_sitenote_note":"","_monsterinsights_sitenote_category":0,"_themeisle_gutenberg_block_has_review":false,"footnotes":""},"class_list":["post-270","page","type-page","status-publish","hentry"],"_hostinger_reach_plugin_has_subscription_block":false,"_hostinger_reach_plugin_is_elementor":false,"_links":{"self":[{"href":"https:\/\/informaticacreativa.com.mx\/index.php\/wp-json\/wp\/v2\/pages\/270","targetHints":{"allow":["GET"]}}],"collection":[{"href":"https:\/\/informaticacreativa.com.mx\/index.php\/wp-json\/wp\/v2\/pages"}],"about":[{"href":"https:\/\/informaticacreativa.com.mx\/index.php\/wp-json\/wp\/v2\/types\/page"}],"author":[{"embeddable":true,"href":"https:\/\/informaticacreativa.com.mx\/index.php\/wp-json\/wp\/v2\/users\/1"}],"replies":[{"embeddable":true,"href":"https:\/\/informaticacreativa.com.mx\/index.php\/wp-json\/wp\/v2\/comments?post=270"}],"version-history":[{"count":20,"href":"https:\/\/informaticacreativa.com.mx\/index.php\/wp-json\/wp\/v2\/pages\/270\/revisions"}],"predecessor-version":[{"id":483,"href":"https:\/\/informaticacreativa.com.mx\/index.php\/wp-json\/wp\/v2\/pages\/270\/revisions\/483"}],"wp:attachment":[{"href":"https:\/\/informaticacreativa.com.mx\/index.php\/wp-json\/wp\/v2\/media?parent=270"}],"curies":[{"name":"wp","href":"https:\/\/api.w.org\/{rel}","templated":true}]}}