{"id":790,"date":"2025-01-31T03:36:28","date_gmt":"2025-01-31T03:36:28","guid":{"rendered":"https:\/\/informaticacreativa.com.mx\/?page_id=790"},"modified":"2025-02-20T03:57:43","modified_gmt":"2025-02-20T03:57:43","slug":"cultura-digital-ii","status":"publish","type":"page","link":"https:\/\/informaticacreativa.com.mx\/index.php\/cultura-digital-ii\/","title":{"rendered":"Cultura Digital II"},"content":{"rendered":"\n<p class=\"gutenify-section-24b164d0-df83-11ef-a6fa-a72c24579f55 gtfy-1\"><\/p>\n\n\n\n<div id=\"wp-block-themeisle-blocks-accordion-b8c40ee7\" class=\"wp-block-themeisle-blocks-accordion exclusive gutenify-section-661b9c10-df83-11ef-a6fa-a72c24579f55 gtfy-29\">\n<details class=\"wp-block-themeisle-blocks-accordion-item gutenify-section-6636c530-df83-11ef-a6fa-a72c24579f55 gtfy-16\"><summary class=\"wp-block-themeisle-blocks-accordion-item__title\"><div>PARCIAL 3<\/div><\/summary><div class=\"wp-block-themeisle-blocks-accordion-item__content\">\n<div class=\"wp-block-group gutenify-section-d515c480-df86-11ef-aa2d-9b4a77e8f5f5 is-nowrap is-layout-flex wp-container-core-group-is-layout-6c531013 wp-block-group-is-layout-flex gtfy-7\">\n<ul class=\"wp-block-list gutenify-section-8c0f7980-df8a-11ef-aa2d-9b4a77e8f5f5 gtfy-5\">\n<li class=\"gutenify-section-8c0ae5a0-df8a-11ef-aa2d-9b4a77e8f5f5 gtfy-4 gutenify-list-item\"><a href=\"https:\/\/informaticacreativa.com.mx\/wp-content\/uploads\/2025\/01\/EJERCICIOS-DE-TABLAS-DINAMICAS.pdf\" data-type=\"link\" data-id=\"https:\/\/informaticacreativa.com.mx\/wp-content\/uploads\/2025\/01\/EJERCICIOS-DE-TABLAS-DINAMICAS.pdf\" target=\"_blank\" rel=\"noreferrer noopener\">EJERCICIOS TABLAS DIN\u00c1MICAS<\/a><\/li>\n<\/ul>\n\n\n\n<p class=\"gutenify-section-1b139830-df88-11ef-aa2d-9b4a77e8f5f5 gtfy-6\"><\/p>\n<\/div>\n\n\n\n<ul class=\"wp-block-list gutenify-section-9deef9a0-df8a-11ef-aa2d-9b4a77e8f5f5 gtfy-9\">\n<li class=\"gutenify-section-9de869f0-df8a-11ef-aa2d-9b4a77e8f5f5 gtfy-8 gutenify-list-item\"><a href=\"https:\/\/informaticacreativa.com.mx\/wp-content\/uploads\/2025\/01\/EJERCICIOS-DE-GRAFICAS-EN-EXCEL.pdf\" data-type=\"link\" data-id=\"https:\/\/informaticacreativa.com.mx\/wp-content\/uploads\/2025\/01\/EJERCICIOS-DE-GRAFICAS-EN-EXCEL.pdf\" target=\"_blank\" rel=\"noreferrer noopener\">EJERCICIOS GR\u00c1FICAS <\/a><\/li>\n<\/ul>\n\n\n\n<ul class=\"wp-block-list gutenify-section-a0c7e330-df8a-11ef-aa2d-9b4a77e8f5f5 gtfy-11\">\n<li class=\"gutenify-section-a0c30130-df8a-11ef-aa2d-9b4a77e8f5f5 gtfy-10 gutenify-list-item\"><a href=\"https:\/\/informaticacreativa.com.mx\/wp-content\/uploads\/2025\/01\/MEDIANAMEDIA-MODA-VARIANZA-DESVIACION-ESTANDAR.pdf\" data-type=\"link\" data-id=\"https:\/\/informaticacreativa.com.mx\/wp-content\/uploads\/2025\/01\/MEDIANAMEDIA-MODA-VARIANZA-DESVIACION-ESTANDAR.pdf\" target=\"_blank\" rel=\"noreferrer noopener\">EJERCICIOS MEDIAS DE TEDENCIA CENTRAL<\/a><\/li>\n<\/ul>\n\n\n\n<div class=\"wp-block-file gutenify-section-669d6450-df85-11ef-aa2d-9b4a77e8f5f5 gtfy-12\"><a id=\"wp-block-file--media-77b96be7-db5b-43b8-93e1-7b8f391438fe\" href=\"https:\/\/informaticacreativa.com.mx\/wp-content\/uploads\/2025\/01\/EJERCICIO-DE-FILTROS-1.xlsx\">EJERCICIO DE FILTROS 1<\/a><a href=\"https:\/\/informaticacreativa.com.mx\/wp-content\/uploads\/2025\/01\/EJERCICIO-DE-FILTROS-1.xlsx\" class=\"wp-block-file__button wp-element-button\" download aria-describedby=\"wp-block-file--media-77b96be7-db5b-43b8-93e1-7b8f391438fe\">Descarga<\/a><\/div>\n\n\n\n<div class=\"wp-block-file gutenify-section-6ff0a120-df85-11ef-aa2d-9b4a77e8f5f5 gtfy-13\"><a id=\"wp-block-file--media-77de3307-c1d4-48e4-b02c-23f4ff24883d\" href=\"https:\/\/informaticacreativa.com.mx\/wp-content\/uploads\/2025\/01\/EJERCICIO-DE-FILTROS-2.xlsx\">EJERCICIO DE FILTROS 2<\/a><a href=\"https:\/\/informaticacreativa.com.mx\/wp-content\/uploads\/2025\/01\/EJERCICIO-DE-FILTROS-2.xlsx\" class=\"wp-block-file__button wp-element-button\" download aria-describedby=\"wp-block-file--media-77de3307-c1d4-48e4-b02c-23f4ff24883d\">Descarga<\/a><\/div>\n\n\n\n<ul class=\"wp-block-list gutenify-section-aecc9a20-df8a-11ef-aa2d-9b4a77e8f5f5 gtfy-15\">\n<li class=\"gutenify-section-aec52010-df8a-11ef-aa2d-9b4a77e8f5f5 gtfy-14 gutenify-list-item\"><a href=\"https:\/\/informaticacreativa.com.mx\/wp-content\/uploads\/2025\/01\/INDICACIONES-PARA-TRABAJAR-EJERCICIO-DE-FILTROS-2.pdf\" data-type=\"link\" data-id=\"https:\/\/informaticacreativa.com.mx\/wp-content\/uploads\/2025\/01\/INDICACIONES-PARA-TRABAJAR-EJERCICIO-DE-FILTROS-2.pdf\" target=\"_blank\" rel=\"noreferrer noopener\">INDICACIONES PARA REALIZAR EL EJERCICIO 2 DE FILTROS<\/a><\/li>\n<\/ul>\n<\/div><\/details>\n\n\n\n<details class=\"wp-block-themeisle-blocks-accordion-item gutenify-section-97c1b920-df83-11ef-a6fa-a72c24579f55 gtfy-20\"><summary class=\"wp-block-themeisle-blocks-accordion-item__title\"><div>PARCIAL 2<\/div><\/summary><div class=\"wp-block-themeisle-blocks-accordion-item__content\">\n<p class=\"gutenify-section-97b66e80-df83-11ef-a6fa-a72c24579f55 gtfy-17\"><\/p>\n\n\n\n<div class=\"wp-block-file gutenify-section-6e1ab330-df86-11ef-aa2d-9b4a77e8f5f5 gtfy-18\"><a id=\"wp-block-file--media-f28ceb2c-c3a7-418a-bfdb-a5d6091aa743\" href=\"https:\/\/informaticacreativa.com.mx\/wp-content\/uploads\/2025\/01\/FORMATO-PARA-EL-DISENO-DEL-BLOGGER.docx\">FORMATO PARA EL DISE\u00d1O DEL BLOGGER<\/a><a href=\"https:\/\/informaticacreativa.com.mx\/wp-content\/uploads\/2025\/01\/FORMATO-PARA-EL-DISENO-DEL-BLOGGER.docx\" class=\"wp-block-file__button wp-element-button\" download aria-describedby=\"wp-block-file--media-f28ceb2c-c3a7-418a-bfdb-a5d6091aa743\">Descarga<\/a><\/div>\n\n\n\n<div class=\"wp-block-file gutenify-section-0fbb7590-df86-11ef-aa2d-9b4a77e8f5f5 gtfy-19\"><a id=\"wp-block-file--media-7f19f1cd-4612-415a-b5c0-1dde6d6dcf7d\" href=\"https:\/\/informaticacreativa.com.mx\/wp-content\/uploads\/2025\/01\/proyecto-analisis-de-marca.docx\">PROYECTO AN\u00c1LISIS DE MARCA<\/a><a href=\"https:\/\/informaticacreativa.com.mx\/wp-content\/uploads\/2025\/01\/proyecto-analisis-de-marca.docx\" class=\"wp-block-file__button wp-element-button\" download aria-describedby=\"wp-block-file--media-7f19f1cd-4612-415a-b5c0-1dde6d6dcf7d\">Descarga<\/a><\/div>\n<\/div><\/details>\n\n\n\n<details class=\"wp-block-themeisle-blocks-accordion-item gutenify-section-99db7160-df83-11ef-a6fa-a72c24579f55 gtfy-28\"><summary class=\"wp-block-themeisle-blocks-accordion-item__title\"><div>PARCIAL 1<\/div><\/summary><div class=\"wp-block-themeisle-blocks-accordion-item__content\">\n<div class=\"wp-block-file gutenify-section-ce699990-df8b-11ef-aa2d-9b4a77e8f5f5 gtfy-21\"><a id=\"wp-block-file--media-2f8f4965-7e66-40d2-9c62-39d988a393d9\" href=\"https:\/\/informaticacreativa.com.mx\/wp-content\/uploads\/2025\/01\/PORTADA-DE-DATOS-TRABAJOS.docx\">PORTADA DE DATOS TRABAJOS<\/a><a href=\"https:\/\/informaticacreativa.com.mx\/wp-content\/uploads\/2025\/01\/PORTADA-DE-DATOS-TRABAJOS.docx\" class=\"wp-block-file__button wp-element-button\" download aria-describedby=\"wp-block-file--media-2f8f4965-7e66-40d2-9c62-39d988a393d9\">Descarga<\/a><\/div>\n\n\n\n<div class=\"wp-block-group gutenify-section-dd035be0-e0fc-11ef-b8cf-d785d2d3a850 is-nowrap is-layout-flex wp-container-core-group-is-layout-6c531013 wp-block-group-is-layout-flex gtfy-24\">\n<div class=\"wp-block-file gutenify-section-dd022360-e0fc-11ef-b8cf-d785d2d3a850 gtfy-22\"><a id=\"wp-block-file--media-b308a23d-d2fa-47ba-9678-eeec77e078b4\" href=\"https:\/\/informaticacreativa.com.mx\/wp-content\/uploads\/2025\/02\/PLAN-DE-EQUIPO.docx\">PLAN DE EQUIPO<\/a><a href=\"https:\/\/informaticacreativa.com.mx\/wp-content\/uploads\/2025\/02\/PLAN-DE-EQUIPO.docx\" class=\"wp-block-file__button wp-element-button\" download aria-describedby=\"wp-block-file--media-b308a23d-d2fa-47ba-9678-eeec77e078b4\">Descarga<\/a><\/div>\n\n\n\n<p class=\"gutenify-section-b4bc9240-df8b-11ef-aa2d-9b4a77e8f5f5 gtfy-23\"><\/p>\n<\/div>\n\n\n\n<p class=\"gutenify-section-99d270b0-df83-11ef-a6fa-a72c24579f55 gtfy-25\"><a href=\"https:\/\/informaticacreativa.com.mx\/wp-content\/uploads\/2025\/01\/EJERCICIOS-DE-PAGINAS-WEB.pdf\" data-type=\"link\" data-id=\"https:\/\/informaticacreativa.com.mx\/wp-content\/uploads\/2025\/01\/EJERCICIOS-DE-PAGINAS-WEB.pdf\" target=\"_blank\" rel=\"noreferrer noopener\">EJERCICIOS DE P\u00c1GINAS WEB<\/a><\/p>\n\n\n\n<p class=\"gutenify-section-a7ed3370-e0fe-11ef-b8cf-d785d2d3a850 gtfy-26\"><a href=\"https:\/\/docs.google.com\/forms\/d\/e\/1FAIpQLSdrLYmYxpBQdLgfTKnJzaJaVY6KGyjNe7H5E3BbKFyPTF4HBA\/viewform?usp=sharing\" data-type=\"link\" data-id=\"https:\/\/docs.google.com\/forms\/d\/e\/1FAIpQLSdrLYmYxpBQdLgfTKnJzaJaVY6KGyjNe7H5E3BbKFyPTF4HBA\/viewform?usp=sharing\" target=\"_blank\" rel=\"noreferrer noopener\">LIGA EXAMEN DIAGN\u00d3STICO<\/a><\/p>\n\n\n\n<div class=\"wp-block-file gutenify-section-802e2250-df8b-11ef-aa2d-9b4a77e8f5f5 gtfy-27\"><a id=\"wp-block-file--media-2ff03908-387b-4bd9-b1ed-11c4ddef00fe\" href=\"https:\/\/informaticacreativa.com.mx\/wp-content\/uploads\/2025\/01\/SIGNIFICADO-DE-LOS-COLORES.jpg\">SIGNIFICADO DE LOS COLORES<\/a><a href=\"https:\/\/informaticacreativa.com.mx\/wp-content\/uploads\/2025\/01\/SIGNIFICADO-DE-LOS-COLORES.jpg\" class=\"wp-block-file__button wp-element-button\" download aria-describedby=\"wp-block-file--media-2ff03908-387b-4bd9-b1ed-11c4ddef00fe\">Descarga<\/a><\/div>\n<\/div><\/details>\n<\/div>\n\n\n\n<p class=\"gutenify-section-884ef9a0-df8b-11ef-aa2d-9b4a77e8f5f5 gtfy-32\"><\/p>\n\n\n\n<h2 class=\"wp-block-heading gtfy-35\">Pr\u00e1cticas de Documentos en Google<\/h2>\n\n\n\n<p class=\"gtfy-38\"><a href=\"https:\/\/informaticacreativa.com.mx\/wp-content\/uploads\/2025\/02\/PRACTICA-1-DOCUMENTOS-DE-GOOGLE.pdf\" data-type=\"link\" data-id=\"https:\/\/informaticacreativa.com.mx\/wp-content\/uploads\/2025\/02\/PRACTICA-1-DOCUMENTOS-DE-GOOGLE.pdf\" target=\"_blank\" rel=\"noreferrer noopener\">PR\u00c1CTICA 1<\/a><\/p>\n\n\n\n<p class=\"gtfy-41\"><a href=\"https:\/\/informaticacreativa.com.mx\/wp-content\/uploads\/2025\/02\/PRACTICA-2-DOCUMENTOS-EN-GOOGLE.pdf\" data-type=\"link\" data-id=\"https:\/\/informaticacreativa.com.mx\/wp-content\/uploads\/2025\/02\/PRACTICA-2-DOCUMENTOS-EN-GOOGLE.pdf\" target=\"_blank\" rel=\"noreferrer noopener\">PR\u00c1CTICA 2<\/a><\/p>\n\n\n\n<p class=\"gtfy-44\"><a href=\"https:\/\/informaticacreativa.com.mx\/wp-content\/uploads\/2025\/02\/PRACTICA-3-DOCUMENTOS-EN-GOOGLE.pdf\" data-type=\"link\" data-id=\"https:\/\/informaticacreativa.com.mx\/wp-content\/uploads\/2025\/02\/PRACTICA-3-DOCUMENTOS-EN-GOOGLE.pdf\" target=\"_blank\" rel=\"noreferrer noopener\">PR\u00c1CTICA 3<\/a><\/p>\n\n\n\n<p class=\"gtfy-47\"><a href=\"https:\/\/informaticacreativa.com.mx\/wp-content\/uploads\/2025\/02\/PRACTICA-4-DOCUMENTOS-EN-GOOGLE.pdf\" data-type=\"link\" data-id=\"https:\/\/informaticacreativa.com.mx\/wp-content\/uploads\/2025\/02\/PRACTICA-4-DOCUMENTOS-EN-GOOGLE.pdf\" target=\"_blank\" rel=\"noreferrer noopener\">PR\u00c1CTICA 4<\/a><\/p>\n\n\n\n<p class=\"gtfy-50\"><a href=\"https:\/\/informaticacreativa.com.mx\/wp-content\/uploads\/2025\/02\/PRACTICA-5-DOCUMENTOS-EN-GOOGLE.pdf\" data-type=\"link\" data-id=\"https:\/\/informaticacreativa.com.mx\/wp-content\/uploads\/2025\/02\/PRACTICA-5-DOCUMENTOS-EN-GOOGLE.pdf\" target=\"_blank\" rel=\"noreferrer noopener\">PR\u00c1CTICA 5<\/a><\/p>\n\n\n\n<p class=\"gtfy-53\"><a href=\"https:\/\/informaticacreativa.com.mx\/wp-content\/uploads\/2025\/02\/PRACTICA-6-DOCUMENTOS-EN-GOOGLE.pdf\" data-type=\"link\" data-id=\"https:\/\/informaticacreativa.com.mx\/wp-content\/uploads\/2025\/02\/PRACTICA-6-DOCUMENTOS-EN-GOOGLE.pdf\" target=\"_blank\" rel=\"noreferrer noopener\">PR\u00c1CTICA 6<\/a><\/p>\n\n\n\n<p class=\"gtfy-56\"><\/p>\n","protected":false},"excerpt":{"rendered":"<p>Pr\u00e1cticas de Documentos en Google PR\u00c1CTICA 1 PR\u00c1CTICA 2 PR\u00c1CTICA 3 PR\u00c1CTICA 4 PR\u00c1CTICA 5 PR\u00c1CTICA 6<\/p>\n","protected":false},"author":1,"featured_media":0,"parent":0,"menu_order":0,"comment_status":"closed","ping_status":"closed","template":"","meta":{"_gutenify_countdown_timer_type":"fixed","_gutenify_countdown_timer_evergreen_hours":24,"_gutenify_countdown_timer_evergreen_minutes":0,"_gutenify_countdown_timer_date":"","_gutenify_countdown_timer_timezone":"US\/Eastern","_gutenify_countdown_timer_end_action":"none","_gutenify_countdown_timer_hide_selector":"","_gutenify_countdown_timer_redirect_url":"","_monsterinsights_skip_tracking":false,"_monsterinsights_sitenote_active":false,"_monsterinsights_sitenote_note":"","_monsterinsights_sitenote_category":0,"_themeisle_gutenberg_block_has_review":false,"footnotes":""},"class_list":["post-790","page","type-page","status-publish","hentry"],"_hostinger_reach_plugin_has_subscription_block":false,"_hostinger_reach_plugin_is_elementor":false,"_links":{"self":[{"href":"https:\/\/informaticacreativa.com.mx\/index.php\/wp-json\/wp\/v2\/pages\/790","targetHints":{"allow":["GET"]}}],"collection":[{"href":"https:\/\/informaticacreativa.com.mx\/index.php\/wp-json\/wp\/v2\/pages"}],"about":[{"href":"https:\/\/informaticacreativa.com.mx\/index.php\/wp-json\/wp\/v2\/types\/page"}],"author":[{"embeddable":true,"href":"https:\/\/informaticacreativa.com.mx\/index.php\/wp-json\/wp\/v2\/users\/1"}],"replies":[{"embeddable":true,"href":"https:\/\/informaticacreativa.com.mx\/index.php\/wp-json\/wp\/v2\/comments?post=790"}],"version-history":[{"count":13,"href":"https:\/\/informaticacreativa.com.mx\/index.php\/wp-json\/wp\/v2\/pages\/790\/revisions"}],"predecessor-version":[{"id":823,"href":"https:\/\/informaticacreativa.com.mx\/index.php\/wp-json\/wp\/v2\/pages\/790\/revisions\/823"}],"wp:attachment":[{"href":"https:\/\/informaticacreativa.com.mx\/index.php\/wp-json\/wp\/v2\/media?parent=790"}],"curies":[{"name":"wp","href":"https:\/\/api.w.org\/{rel}","templated":true}]}}